{"id":214,"date":"2025-07-30T02:51:54","date_gmt":"2025-07-30T00:51:54","guid":{"rendered":"https:\/\/www.bios-otze.de\/?page_id=214"},"modified":"2025-08-07T05:16:08","modified_gmt":"2025-08-07T03:16:08","slug":"zaehl-und-messaktionen","status":"publish","type":"page","link":"https:\/\/www.bios-otze.de\/index.php\/zaehl-und-messaktionen\/","title":{"rendered":"Z\u00e4hl- und Messaktionen"},"content":{"rendered":"\n<p>Durch die Verlagerung des G\u00fcterverkehrs von der Stra\u00dfe auf die Schiene ist mit einer sp\u00fcrbaren Zunahme des Schienenverkehrs \u2013 insbesondere des G\u00fctertransports \u2013 zu rechnen. Diese Entwicklung halten wir aus \u00f6konomischer wie auch \u00f6kologischer Sicht f\u00fcr sinnvoll und notwendig. Gleichzeitig sind wir der Auffassung, dass die davon betroffenen Anwohner ein Anrecht darauf haben, dass die entstehenden Belastungen so gering wie m\u00f6glich gehalten werden.<\/p>\n\n\n\n<p>Otze ist als Durchgangsort unmittelbar betroffen \u2013 insbesondere durch L\u00e4rmbelastung sowie durch die zunehmende \u201eZerschneidung\u201c des Ortes infolge l\u00e4ngerer Schlie\u00dfzeiten des Bahn\u00fcbergangs. Die Strecke Celle\u2013Lehrte z\u00e4hlt dabei zu den besonders stark befahrenen G\u00fcterzugtrassen.<\/p>\n\n\n\n<p>Um fundierte Aussagen \u00fcber die konkrete Belastung vor Ort treffen zu k\u00f6nnen, haben wir eigene empirische Erhebungen durchgef\u00fchrt. Ziel war es, die tats\u00e4chlichen Auswirkungen f\u00fcr die Otzer Bev\u00f6lkerung messbar und bewertbar zu machen. Zwar existieren bereits \u00fcbergeordnete Untersuchungen, wie etwa die L\u00e4rmaktionsplanung des Eisenbahn-Bundesamtes 2017\/2018, an der wir ebenfalls mitgewirkt haben. Diese Erhebungen bleiben jedoch sehr allgemein gehalten und ber\u00fccksichtigen die spezifischen Bedingungen vor Ort nur unzureichend. Oft werden lediglich Durchschnittswerte angegeben, w\u00e4hrend ausschlaggebende Spitzenwerte fehlen \u2013 dabei sind es gerade diese kurzzeitigen, besonders lauten Ger\u00e4usche, die dazu f\u00fchren, dass Anwohner in direkter N\u00e4he zur Bahnlinie nachts aus dem Schlaf gerissen werden.<\/p>\n\n\n\n<p>Hier erh\u00e4ltst du einen \u00dcberblick \u00fcber die einzelnen Z\u00e4hl- und Messaktionen sowie die wichtigsten Erkenntnisse daraus:<\/p>\n\n\n\n<p><strong>Zur Zeit sind wir dabei unsere Website zu \u00fcberarbeiten. Fehlende Inhalte werden wir zeitnah einpflegen.<\/strong><\/p>\n\n\n\n<p><a href=\"https:\/\/www.bios-otze.de\/index.php\/zaehl-und-messaktion-vom-5-oktober-2016\/\" data-type=\"page\" data-id=\"222\">Erste Z\u00e4hl- und Messaktionen vom 05.10.2016<\/a><\/p>\n\n\n\n<p>Zweite Z\u00e4hl- und Messaktion vom 13.06.2017<\/p>\n\n\n\n<p>Dritte Z\u00e4hl- und Messaktion am 16.\/17.08.2018<\/p>\n\n\n\n<p>Vierte Z\u00e4hl- und Messaktion am 19.\/20.08.2019<\/p>\n\n\n\n<p>F\u00fcnfte Z\u00e4hl- und Messaktion am 01.\/02.09.2020<\/p>\n\n\n\n<p><a href=\"https:\/\/www.bios-otze.de\/index.php\/zaehl-und-messaktion-vom-7-september-2021\/\" data-type=\"page\" data-id=\"313\">Sechste Z\u00e4hl- und Messaktion am 07.\/08.09.2021<\/a><\/p>\n\n\n\n<p><a href=\"https:\/\/www.bios-otze.de\/index.php\/zaehl-und-messaktion-vom-25-april-2023\/\" data-type=\"page\" data-id=\"259\">Siebte Z\u00e4hl- und Messaktion am 25.\/26.04.2023<\/a><\/p>\n\n\n\n<h2 class=\"wp-block-heading\">Nachtrag<\/h2>\n\n\n\n<p>Ein Gro\u00dfteil der von uns erfassten Daten kann mittlerweile von der Messstation des Eisenbahn-Bundesamtes s\u00fcdlich von Celle in Richtung Ehlershausen abgerufen werden. Diese Daten stehen dauerhaft zur Verf\u00fcgung und erm\u00f6glichen eigene Auswertungen. Mit der (hoffentlich bald absehbaren) Entwicklung zur Beseitigung des h\u00f6hengleichen Bahn\u00fcbergangs werden sich zudem einige Erfassungsthemen von selbst erledigen. Daher haben wir den Entschluss gefasst, vorerst keine weiteren Z\u00e4hl- und Messaktionen mehr durchzuf\u00fchren.<\/p>\n\n\n\n<p>Solche Aktionen w\u00e4ren ohne gro\u00dfe Hilfsbereitschaften nicht m\u00f6glich gewesen. Ganz besonders danken wir unseren zahlreichen Helferinnen und Helfern, die sich selbst zu Nachtzeiten bereitwillig zur Verf\u00fcgung gestellt haben, am Bahn\u00fcbergang aktiv zu werden. Immerhin haben wir die allermeiste Zeit des Tages die 2-Std.-Einheiten dreifach besetzt. Hochgerechnet bedeutet das, dass etwa ein Drittel unserer Mitglieder mitgemacht haben. Daf\u00fcr m\u00f6chten wir uns ganz herzlich bedanken!<\/p>\n\n\n\n<p>Unseren Abschlussbericht zu allen sieben Z\u00e4hl- und Messaktionen mit vielen Hintergrundinformationen kannst du hier herunterladen.<\/p>\n\n\n\n<div class=\"wp-block-buttons is-layout-flex wp-block-buttons-is-layout-flex\">\n<div class=\"wp-block-button\"><a class=\"wp-block-button__link wp-element-button\" href=\"https:\/\/www.bios-otze.de\/wp-content\/uploads\/2025\/07\/Abschlussbericht-unserer-Zaehl-und-Messaktionen-1.pdf\" target=\"_blank\" rel=\"noreferrer noopener\">Datei anzeigen<\/a><\/div>\n<\/div>\n\n\n\n<div style=\"height:100px\" aria-hidden=\"true\" class=\"wp-block-spacer\"><\/div>\n","protected":false},"excerpt":{"rendered":"<p>Durch die Verlagerung des G\u00fcterverkehrs von der Stra\u00dfe auf die Schiene ist mit einer sp\u00fcrbaren Zunahme des Schienenverkehrs \u2013 insbesondere des G\u00fctertransports \u2013 zu rechnen. Diese Entwicklung halten wir aus \u00f6konomischer wie auch \u00f6kologischer Sicht f\u00fcr sinnvoll und notwendig. Gleichzeitig sind wir der Auffassung, dass die davon betroffenen Anwohner ein Anrecht darauf haben, dass die [&hellip;]<\/p>\n","protected":false},"author":1,"featured_media":0,"parent":0,"menu_order":0,"comment_status":"closed","ping_status":"closed","template":"","meta":{"footnotes":""},"class_list":["post-214","page","type-page","status-publish","hentry","entry"],"_links":{"self":[{"href":"https:\/\/www.bios-otze.de\/index.php\/wp-json\/wp\/v2\/pages\/214","targetHints":{"allow":["GET"]}}],"collection":[{"href":"https:\/\/www.bios-otze.de\/index.php\/wp-json\/wp\/v2\/pages"}],"about":[{"href":"https:\/\/www.bios-otze.de\/index.php\/wp-json\/wp\/v2\/types\/page"}],"author":[{"embeddable":true,"href":"https:\/\/www.bios-otze.de\/index.php\/wp-json\/wp\/v2\/users\/1"}],"replies":[{"embeddable":true,"href":"https:\/\/www.bios-otze.de\/index.php\/wp-json\/wp\/v2\/comments?post=214"}],"version-history":[{"count":14,"href":"https:\/\/www.bios-otze.de\/index.php\/wp-json\/wp\/v2\/pages\/214\/revisions"}],"predecessor-version":[{"id":330,"href":"https:\/\/www.bios-otze.de\/index.php\/wp-json\/wp\/v2\/pages\/214\/revisions\/330"}],"wp:attachment":[{"href":"https:\/\/www.bios-otze.de\/index.php\/wp-json\/wp\/v2\/media?parent=214"}],"curies":[{"name":"wp","href":"https:\/\/api.w.org\/{rel}","templated":true}]}}