{"id":22,"date":"2025-07-19T02:44:19","date_gmt":"2025-07-19T00:44:19","guid":{"rendered":"https:\/\/www.bios-otze.de\/?page_id=22"},"modified":"2025-08-22T00:48:01","modified_gmt":"2025-08-21T22:48:01","slug":"mit-politikern-im-gespraech","status":"publish","type":"page","link":"https:\/\/www.bios-otze.de\/index.php\/mit-politikern-im-gespraech\/","title":{"rendered":"Mit Politikern im Gespr\u00e4ch"},"content":{"rendered":"\n<p>Der direkte Kontakt zu politischen Entscheidungstr\u00e4gern ist ein zentraler Punkt f\u00fcr BIOS. Nur wenn wir miteinander sprechen, k\u00f6nnen unsere Anliegen ernst genommen und in politische Prozesse eingebunden werden. Wir m\u00f6chten nicht nur Kritik \u00e4u\u00dfern, sondern aktiv zur L\u00f6sung von Problemen beitragen. Der Austausch mit der Politik hilft, Missverst\u00e4ndnisse abzubauen, Vertrauen aufzubauen und gemeinsam tragf\u00e4hige Entscheidungen f\u00fcr unser Dorf zu treffen.<\/p>\n\n\n\n<div style=\"height:10px\" aria-hidden=\"true\" class=\"wp-block-spacer\"><\/div>\n\n\n\n<hr class=\"wp-block-separator has-alpha-channel-opacity\"\/>\n\n\n\n<div style=\"height:10px\" aria-hidden=\"true\" class=\"wp-block-spacer\"><\/div>\n\n\n\n<h2 class=\"wp-block-heading\">Protokollarische Notizen zum Gespr\u00e4ch mit Dr. Hendrik Hoppenstedt (CDU, MdB) am 19.02.2025<\/h2>\n\n\n\n<p>Zun\u00e4chst gilt unser Dank Herrn Dr. Hendrik Hoppenstedt f\u00fcr seine Bereitschaft, trotz eines sehr engen Zeitrahmens f\u00fcr uns von BIOS Zeit genommen zu haben. Das empfinden wir durchaus als gro\u00dfe gegenseitige Wertsch\u00e4tzung, entstanden \u00fcber etliche Jahre einer engen, vertraulichen Zusammenarbeit.<\/p>\n\n\n\n<div class=\"wp-block-buttons is-layout-flex wp-block-buttons-is-layout-flex\">\n<div class=\"wp-block-button\"><a class=\"wp-block-button__link wp-element-button\" href=\"https:\/\/www.bios-otze.de\/wp-content\/uploads\/2025\/07\/Gespraechsprotokoll-Hendrik-Hoppenstedt-vom-19.02.2025.pdf\" target=\"_blank\" rel=\"noreferrer noopener\">Datei anzeigen<\/a><\/div>\n<\/div>\n\n\n\n<div style=\"height:100px\" aria-hidden=\"true\" class=\"wp-block-spacer\"><\/div>\n\n\n\n<h2 class=\"wp-block-heading\">Unser Gespr\u00e4ch mit den SPD-Landtagsabgeordneten Dr. D\u00f6rte Liebetruth und Thordies Hanisch am 24.02.2025 im Nieders\u00e4chsischen Landtag<\/h2>\n\n\n\n<p>Der Kontakt zur einladenden D\u00f6rte Liebetruth kam bei der Tagung in Loccum 12.\/13.09.2024 zustande. Damals wurde bereits Thordies Hanisch als hiesige Landtagsabgeordnete mit einbezogen. Aufgrund der knappen Zeit lag der Schwerpunkt des Gespr\u00e4chs auf den Themen &#8222;Stand zur Querung Bahn\u00fcbergang Otze&#8220; und L\u00e4rmentwicklung und L\u00e4rmschutz, die Themen 1 und 2 wurden abschlie\u00dfend nur noch am Rande angerissen.<\/p>\n\n\n\n<div class=\"wp-block-buttons is-layout-flex wp-block-buttons-is-layout-flex\">\n<div class=\"wp-block-button\"><a class=\"wp-block-button__link wp-element-button\" href=\"https:\/\/www.bios-otze.de\/wp-content\/uploads\/2025\/07\/Gespraech-mit-Liebetruth-und-Hanisch.pdf\" target=\"_blank\" rel=\"noreferrer noopener\">Datei anzeigen<\/a><\/div>\n<\/div>\n\n\n\n<div style=\"height:100px\" aria-hidden=\"true\" class=\"wp-block-spacer\"><\/div>\n\n\n\n<h2 class=\"wp-block-heading\">Wesentliche Ergebnisse des Gespr\u00e4chs mit Jessica Peine (B90\/Die Gr\u00fcnen) am 18.01.2025<\/h2>\n\n\n\n<p>Direkt vor Ort wurde zun\u00e4chst auf Grundlage der \u00f6rtlichen Gegebenheiten das Problem \u201eSchienenverkehr durch Otze\u201c erl\u00e4utert: Zugzahlen, L\u00e4rm, Schrankenschlie\u00dfzeiten und Querungszahlen; dazu wurde den Gespr\u00e4chspartnern im Vorfeld der Abschlussbericht \u00fcber die 7. Z\u00e4hl- und Messaktionen am Bahn\u00fcbergang Otze (und tw. auch in Ehlershausen) zugesandt. Daraus erwuchsen die Forderungen nach Beseitigung des h\u00f6hen gleichen Bahn\u00fcbergangs (durch einen ortsnahen Tunnel) und nach mehr L\u00e4rmschutz.<\/p>\n\n\n\n<div class=\"wp-block-buttons is-layout-flex wp-block-buttons-is-layout-flex\">\n<div class=\"wp-block-button\"><a class=\"wp-block-button__link wp-element-button\" href=\"https:\/\/www.bios-otze.de\/wp-content\/uploads\/2025\/07\/Wesentliche-Ergebnisse-des-Gespraechs-mit-Jessica-Peine.pdf\" target=\"_blank\" rel=\"noreferrer noopener\">Datei anzeigen<\/a><\/div>\n<\/div>\n\n\n\n<div style=\"height:100px\" aria-hidden=\"true\" class=\"wp-block-spacer\"><\/div>\n\n\n\n<h2 class=\"wp-block-heading\">Gespr\u00e4chsnotizen zum Treffen mit Dr. Hendrik Hoppenstedt (CDU, MdB) am 05.05.2023<\/h2>\n\n\n\n<p>Die Einsch\u00e4tzung von BIOS, dass die \u201eFrontlinie\u201c im Konflikt Ausbaustrecke vs. Neubaustrecke zwischen DB\/BMDV und Land Niedersachsen\/BI f\u00fcr Alpha-E\/etliche Politiker verl\u00e4uft und aktuell verh\u00e4rtet ist, wurde i. W. best\u00e4tigt. Dabei zeigte sich Hendrik Hoppenstedt bereits in seiner Einleitung mit der Informationspolitik der DB und des BMDV \u00e4u\u00dferst unzufrieden; f\u00fcr das Verhalten der DB habe er kein Verst\u00e4ndnis, immerhin sei die Deutsche Bahn AG (DB) 100%ige Tochter des Bundes. Auch das deckt sich mit unserem Ein druck, wonach die DB intransparent und tw. wahrheitswidrig kommuniziert(e) sowie tw. wenig gemeinwohlorientiert, also im \u00f6ffentlichen Interesse, arbeitet, obwohl das verfassungsrechtlich und haushaltsrechtlich geboten ist.<\/p>\n\n\n\n<div class=\"wp-block-buttons is-layout-flex wp-block-buttons-is-layout-flex\">\n<div class=\"wp-block-button\"><a class=\"wp-block-button__link wp-element-button\" href=\"https:\/\/www.bios-otze.de\/wp-content\/uploads\/2025\/07\/Gespraechsprotokoll-Hendrik-Hoppenstedt-vom-05.05.2023.pdf\" target=\"_blank\" rel=\"noreferrer noopener\">Datei anzeigen<\/a><\/div>\n<\/div>\n\n\n\n<div style=\"height:100px\" aria-hidden=\"true\" class=\"wp-block-spacer\"><\/div>\n\n\n\n<h2 class=\"wp-block-heading\">Gespr\u00e4chsnotiz zum Treffen mit Thordies Hanisch, MdL und MdL-Kandidatin f\u00fcr die diesj\u00e4hrige Landtagswahl<\/h2>\n\n\n\n<p>Nachdem am 08.09.2022 die Gespr\u00e4chsrunde von BIOS mit den Kandidatinnen und Kandidaten zur Landtagswahl am 09.10.2022 in Form einer Veranstaltung mit Christian Gailus von B90\/Die Gr\u00fcnen er\u00f6ffnet wurde, fand am 13.09.2022 ein weiteres konstruktives, sehr offenes Gespr\u00e4ch in lockerer Atmosph\u00e4re mit Thordies Hanisch, derzeit schon MdL und Kandidatin f\u00fcr den neuen Landtag der SPD, statt.<\/p>\n\n\n\n<div class=\"wp-block-buttons is-layout-flex wp-block-buttons-is-layout-flex\">\n<div class=\"wp-block-button\"><a class=\"wp-block-button__link wp-element-button\" href=\"https:\/\/www.bios-otze.de\/wp-content\/uploads\/2025\/08\/Gespraechsnotizen-zum-Treffen-mit-Hanisch-vom-13.09.2022.pdf\" target=\"_blank\" rel=\"noreferrer noopener\">Datei anzeigen<\/a><\/div>\n<\/div>\n\n\n\n<div style=\"height:100px\" aria-hidden=\"true\" class=\"wp-block-spacer\"><\/div>\n\n\n\n<h2 class=\"wp-block-heading\">Notizen zum Gespr\u00e4ch vom 09.09.2022 der BIOS mit Christian Gailus, B90\/Die Gr\u00fcnen, MdL-Kandidat f\u00fcr die diesj\u00e4hrige Landtagswahl<\/h2>\n\n\n\n<p>In einem konstruktiven Gespr\u00e4ch am 08.09.2022 in angenehmer und lockerer Atmosph\u00e4re zwischen der BIOS \u2013 vertreten durch Arnim Goldbach als Sprecher sowie Dietrich Vollbrecht als Stv. Sprecher und Hans Peter Grupe \u2013 und dem MdL-Kandidaten zur Landtagswahl am 09.10.2022 von B\u00fcndnis90\/Die Gr\u00fcnen Christian Gailus (aus Lehrte) im historischen Altenteilerhaus am Backhausplatz in Otze \u00fcber die Problematik des Schienenverkehrs vor Ort und Regional&#8230;<\/p>\n\n\n\n<div class=\"wp-block-buttons is-layout-flex wp-block-buttons-is-layout-flex\">\n<div class=\"wp-block-button\"><a class=\"wp-block-button__link wp-element-button\" href=\"https:\/\/www.bios-otze.de\/wp-content\/uploads\/2025\/08\/Notizen-zum-Gespraech-der-BIOS-mit-Christian-Gailus.pdf\" target=\"_blank\" rel=\"noreferrer noopener\">Datei anzeigen<\/a><\/div>\n<\/div>\n\n\n\n<div style=\"height:100px\" aria-hidden=\"true\" class=\"wp-block-spacer\"><\/div>\n\n\n\n<h2 class=\"wp-block-heading\">Protokollarische Gespr\u00e4chsnotizen \u00fcber den Besuch von Dr. Hendrik Hoppenstedt, MdB, am 12.06.2017<\/h2>\n\n\n\n<p>Gute Aussicht auf hohen L\u00e4rmschutz best\u00e4tigt und konkretisiert &#8211; Entwicklung aber nicht ohne Risiko<\/p>\n\n\n\n<div class=\"wp-block-buttons is-layout-flex wp-block-buttons-is-layout-flex\">\n<div class=\"wp-block-button\"><a class=\"wp-block-button__link wp-element-button\" href=\"https:\/\/www.bios-otze.de\/wp-content\/uploads\/2025\/08\/Notizen-ueber-das-Gespraech-mit-Hendrik-Hoppenstedt-am-12.06.2017.pdf\" target=\"_blank\" rel=\"noreferrer noopener\">Datei anzeigen<\/a><\/div>\n<\/div>\n\n\n\n<div style=\"height:100px\" aria-hidden=\"true\" class=\"wp-block-spacer\"><\/div>\n\n\n\n<h2 class=\"wp-block-heading\">Gespr\u00e4chsnotizen zum Treffen mit Hendrik Hoppenstedt am 15.11.2016<\/h2>\n\n\n\n<div class=\"wp-block-buttons is-layout-flex wp-block-buttons-is-layout-flex\">\n<div class=\"wp-block-button\"><a class=\"wp-block-button__link wp-element-button\" href=\"https:\/\/www.bios-otze.de\/wp-content\/uploads\/2025\/08\/Gespraechsnotizen-zum-Treffen-mit-Hendrik-Hoppenstedt-am-15.11.2016.pdf\" target=\"_blank\" rel=\"noreferrer noopener\">Datei anzeigen<\/a><\/div>\n<\/div>\n\n\n\n<div style=\"height:100px\" aria-hidden=\"true\" class=\"wp-block-spacer\"><\/div>\n\n\n\n<h2 class=\"wp-block-heading\">Protokollarische Notizen \u00fcber das Gespr\u00e4ch der BIOS mit Caren Marks am 10.08.2016<\/h2>\n\n\n\n<p>Gespr\u00e4ch mit Caren Marks, Mitglied des Bundestages und seit 2013 Parlamentarische Staatssekret\u00e4rin im Bundesministerium f\u00fcr Familie, Senioren, Frauen und Jugend (BMFSFJ)<\/p>\n\n\n\n<div class=\"wp-block-buttons is-layout-flex wp-block-buttons-is-layout-flex\">\n<div class=\"wp-block-button\"><a class=\"wp-block-button__link wp-element-button\" href=\"https:\/\/www.bios-otze.de\/wp-content\/uploads\/2025\/08\/Protokoll-ueber-das-Gespraech-mit-Caren-Marks-am-10.08.2016-.pdf\" target=\"_blank\" rel=\"noreferrer noopener\">Datei anzeigen<\/a><\/div>\n<\/div>\n\n\n\n<div style=\"height:100px\" aria-hidden=\"true\" class=\"wp-block-spacer\"><\/div>\n","protected":false},"excerpt":{"rendered":"<p>Der direkte Kontakt zu politischen Entscheidungstr\u00e4gern ist ein zentraler Punkt f\u00fcr BIOS. Nur wenn wir miteinander sprechen, k\u00f6nnen unsere Anliegen ernst genommen und in politische Prozesse eingebunden werden. Wir m\u00f6chten nicht nur Kritik \u00e4u\u00dfern, sondern aktiv zur L\u00f6sung von Problemen beitragen. Der Austausch mit der Politik hilft, Missverst\u00e4ndnisse abzubauen, Vertrauen aufzubauen und gemeinsam tragf\u00e4hige Entscheidungen [&hellip;]<\/p>\n","protected":false},"author":1,"featured_media":0,"parent":0,"menu_order":0,"comment_status":"closed","ping_status":"closed","template":"","meta":{"footnotes":""},"class_list":["post-22","page","type-page","status-publish","hentry","entry"],"_links":{"self":[{"href":"https:\/\/www.bios-otze.de\/index.php\/wp-json\/wp\/v2\/pages\/22","targetHints":{"allow":["GET"]}}],"collection":[{"href":"https:\/\/www.bios-otze.de\/index.php\/wp-json\/wp\/v2\/pages"}],"about":[{"href":"https:\/\/www.bios-otze.de\/index.php\/wp-json\/wp\/v2\/types\/page"}],"author":[{"embeddable":true,"href":"https:\/\/www.bios-otze.de\/index.php\/wp-json\/wp\/v2\/users\/1"}],"replies":[{"embeddable":true,"href":"https:\/\/www.bios-otze.de\/index.php\/wp-json\/wp\/v2\/comments?post=22"}],"version-history":[{"count":22,"href":"https:\/\/www.bios-otze.de\/index.php\/wp-json\/wp\/v2\/pages\/22\/revisions"}],"predecessor-version":[{"id":416,"href":"https:\/\/www.bios-otze.de\/index.php\/wp-json\/wp\/v2\/pages\/22\/revisions\/416"}],"wp:attachment":[{"href":"https:\/\/www.bios-otze.de\/index.php\/wp-json\/wp\/v2\/media?parent=22"}],"curies":[{"name":"wp","href":"https:\/\/api.w.org\/{rel}","templated":true}]}}