{"id":222,"date":"2025-07-30T23:08:57","date_gmt":"2025-07-30T21:08:57","guid":{"rendered":"https:\/\/www.bios-otze.de\/?page_id=222"},"modified":"2025-07-31T22:02:56","modified_gmt":"2025-07-31T20:02:56","slug":"zaehl-und-messaktion-vom-5-oktober-2016","status":"publish","type":"page","link":"https:\/\/www.bios-otze.de\/index.php\/zaehl-und-messaktion-vom-5-oktober-2016\/","title":{"rendered":"Z\u00e4hl- und Messaktion vom 5. Oktober 2016"},"content":{"rendered":"\n<p>Die erste Aktion stand bereits unter dem Motto \u201eWir z\u00e4hlen selbst&#8220; und ist ganz wesentlich von Axel Berndt initiiert, der sich dann &#8211; zusammen mit weiteren 35 Mitgliedern der BIOS &#8211; bei der Durchf\u00fchrung und Auswertung der Aktion in besonderer Weise engagierte. Die Veranstaltung erhielt durch die gute mediale Begleitung einen recht hohen Aufmerksamkeitsgrad.<\/p>\n\n\n\n<p>Gez\u00e4hlt wurde in unmittelbarer N\u00e4he des Otzer Bahn\u00fcbergangs auf der Seite \u201eGasthof ohne Bahnhof\u201c \u00fcber die gesamten 24 Stunden des 05. Oktobers. \u201eHauptquartier\u201c war ein Zeltunterstand aus dem Bestand der Otzer Vereine und Verb\u00e4nde e.V. nahe dem Gasthof, wobei J\u00fcrgen Sievers wertvolle Unterst\u00fctzung leistete. Der L\u00e4rm wurde mit einem nicht geeichten Schallmessger\u00e4t erfasst.<\/p>\n\n\n\n<h2 class=\"wp-block-heading\">Anzahl der Z\u00fcge durch Otze<\/h2>\n\n\n\n<p>Im gemessenen Zeitraum fuhren insgesamt 215 Z\u00fcge durch Otze (in beiden Richtungen zusammen). Die Zahl der Z\u00fcge verteilte sich \u00fcber die 24 Stunden wie folgt:<\/p>\n\n\n\n<figure data-wp-context=\"{&quot;imageId&quot;:&quot;69ece2460a7d8&quot;}\" data-wp-interactive=\"core\/image\" class=\"wp-block-image size-large wp-lightbox-container\"><img loading=\"lazy\" decoding=\"async\" width=\"1024\" height=\"410\" data-wp-class--hide=\"state.isContentHidden\" data-wp-class--show=\"state.isContentVisible\" data-wp-init=\"callbacks.setButtonStyles\" data-wp-on-async--click=\"actions.showLightbox\" data-wp-on-async--load=\"callbacks.setButtonStyles\" data-wp-on-async-window--resize=\"callbacks.setButtonStyles\" src=\"https:\/\/www.bios-otze.de\/wp-content\/uploads\/2025\/07\/Zaehl-und-Messaktion-vom-5.-Oktober-2016-Anzahl-Zuege-1024x410.png\" alt=\"\" class=\"wp-image-229\" srcset=\"https:\/\/www.bios-otze.de\/wp-content\/uploads\/2025\/07\/Zaehl-und-Messaktion-vom-5.-Oktober-2016-Anzahl-Zuege-1024x410.png 1024w, https:\/\/www.bios-otze.de\/wp-content\/uploads\/2025\/07\/Zaehl-und-Messaktion-vom-5.-Oktober-2016-Anzahl-Zuege-300x120.png 300w, https:\/\/www.bios-otze.de\/wp-content\/uploads\/2025\/07\/Zaehl-und-Messaktion-vom-5.-Oktober-2016-Anzahl-Zuege-768x308.png 768w, https:\/\/www.bios-otze.de\/wp-content\/uploads\/2025\/07\/Zaehl-und-Messaktion-vom-5.-Oktober-2016-Anzahl-Zuege.png 1478w\" sizes=\"auto, (max-width: 1024px) 100vw, 1024px\" \/><button\n\t\t\tclass=\"lightbox-trigger\"\n\t\t\ttype=\"button\"\n\t\t\taria-haspopup=\"dialog\"\n\t\t\taria-label=\"Vergr\u00f6\u00dfern\"\n\t\t\tdata-wp-init=\"callbacks.initTriggerButton\"\n\t\t\tdata-wp-on-async--click=\"actions.showLightbox\"\n\t\t\tdata-wp-style--right=\"state.imageButtonRight\"\n\t\t\tdata-wp-style--top=\"state.imageButtonTop\"\n\t\t>\n\t\t\t<svg xmlns=\"http:\/\/www.w3.org\/2000\/svg\" width=\"12\" height=\"12\" fill=\"none\" viewBox=\"0 0 12 12\">\n\t\t\t\t<path fill=\"#fff\" d=\"M2 0a2 2 0 0 0-2 2v2h1.5V2a.5.5 0 0 1 .5-.5h2V0H2Zm2 10.5H2a.5.5 0 0 1-.5-.5V8H0v2a2 2 0 0 0 2 2h2v-1.5ZM8 12v-1.5h2a.5.5 0 0 0 .5-.5V8H12v2a2 2 0 0 1-2 2H8Zm2-12a2 2 0 0 1 2 2v2h-1.5V2a.5.5 0 0 0-.5-.5H8V0h2Z\" \/>\n\t\t\t<\/svg>\n\t\t<\/button><\/figure>\n\n\n\n<p>Dabei fiel auf, dass in den ersten Stunden des Tages bis 05:00 Uhr das Schienenverkehrsaufkommen recht gering war. Spitzenzeiten waren die Stunden von 11:00-12:00 Uhr mit 16 Z\u00fcgen und von 16:00-17:00 Uhr mit ebenfalls 16 Z\u00fcgen.<\/p>\n\n\n\n<h2 class=\"wp-block-heading\">Messung der Schrankenschlie\u00dfzeiten<\/h2>\n\n\n\n<p>Etwas \u00fcberschl\u00e4gig ergaben die Durchfahrten der 215 Z\u00fcge an dem Tag eine Schrankenschlie\u00dfzeit von etwas mehr als 5 Stunden und 15 Minuten.<\/p>\n\n\n\n<h2 class=\"wp-block-heading\">Messung des Schalldruckpegels vorbeifahrender Z\u00fcge<\/h2>\n\n\n\n<figure data-wp-context=\"{&quot;imageId&quot;:&quot;69ece2460adfc&quot;}\" data-wp-interactive=\"core\/image\" class=\"wp-block-image size-large wp-lightbox-container\"><img loading=\"lazy\" decoding=\"async\" width=\"1024\" height=\"411\" data-wp-class--hide=\"state.isContentHidden\" data-wp-class--show=\"state.isContentVisible\" data-wp-init=\"callbacks.setButtonStyles\" data-wp-on-async--click=\"actions.showLightbox\" data-wp-on-async--load=\"callbacks.setButtonStyles\" data-wp-on-async-window--resize=\"callbacks.setButtonStyles\" src=\"https:\/\/www.bios-otze.de\/wp-content\/uploads\/2025\/07\/Zaehl-und-Messaktion-vom-5.-Oktober-2016-Laermpegel-1024x411.png\" alt=\"\" class=\"wp-image-237\" srcset=\"https:\/\/www.bios-otze.de\/wp-content\/uploads\/2025\/07\/Zaehl-und-Messaktion-vom-5.-Oktober-2016-Laermpegel-1024x411.png 1024w, https:\/\/www.bios-otze.de\/wp-content\/uploads\/2025\/07\/Zaehl-und-Messaktion-vom-5.-Oktober-2016-Laermpegel-300x120.png 300w, https:\/\/www.bios-otze.de\/wp-content\/uploads\/2025\/07\/Zaehl-und-Messaktion-vom-5.-Oktober-2016-Laermpegel-768x308.png 768w, https:\/\/www.bios-otze.de\/wp-content\/uploads\/2025\/07\/Zaehl-und-Messaktion-vom-5.-Oktober-2016-Laermpegel.png 1478w\" sizes=\"auto, (max-width: 1024px) 100vw, 1024px\" \/><button\n\t\t\tclass=\"lightbox-trigger\"\n\t\t\ttype=\"button\"\n\t\t\taria-haspopup=\"dialog\"\n\t\t\taria-label=\"Vergr\u00f6\u00dfern\"\n\t\t\tdata-wp-init=\"callbacks.initTriggerButton\"\n\t\t\tdata-wp-on-async--click=\"actions.showLightbox\"\n\t\t\tdata-wp-style--right=\"state.imageButtonRight\"\n\t\t\tdata-wp-style--top=\"state.imageButtonTop\"\n\t\t>\n\t\t\t<svg xmlns=\"http:\/\/www.w3.org\/2000\/svg\" width=\"12\" height=\"12\" fill=\"none\" viewBox=\"0 0 12 12\">\n\t\t\t\t<path fill=\"#fff\" d=\"M2 0a2 2 0 0 0-2 2v2h1.5V2a.5.5 0 0 1 .5-.5h2V0H2Zm2 10.5H2a.5.5 0 0 1-.5-.5V8H0v2a2 2 0 0 0 2 2h2v-1.5ZM8 12v-1.5h2a.5.5 0 0 0 .5-.5V8H12v2a2 2 0 0 1-2 2H8Zm2-12a2 2 0 0 1 2 2v2h-1.5V2a.5.5 0 0 0-.5-.5H8V0h2Z\" \/>\n\t\t\t<\/svg>\n\t\t<\/button><\/figure>\n\n\n\n<p>Die Messungen des Schalldruckpegels ergaben, dass 52 von 215 gemessenen Z\u00fcgen einen Schalldruckpegel von 80 dB(A) erreichten. Das sind ca. 24% der Z\u00fcge. Die meisten Z\u00fcge erreichten einen Schalldruckpegel von 80 &#8211; 90 dB(A) Insgesamt waren das 79 Z\u00fcge (ca. 37%). 64 Z\u00fcge erreichten noch einen Schalldruckpegel zwischen 90 &#8211; 100 dB(A) (ca. 30%). Mit \u00fcber 100 dB(A) ratterten immerhin noch 20 Z\u00fcge (ca. 9 %) durch Otze. Fazit: Fast 40% aller Z\u00fcge waren mindestens 90 dB(A) laut; darunter waren ausschlie\u00dflich G\u00fcterz\u00fcge, die ja in Zukunft vermehrt fahren sollen.<\/p>\n\n\n\n<h2 class=\"wp-block-heading\">Fazit<\/h2>\n\n\n\n<p>Die Z\u00e4hl- und Messaktion in Otze hat eindrucksvoll belegt, wie stark der Ort durch den Schienenverkehr belastet ist. Innerhalb von 24 Stunden passierten 215 Z\u00fcge den Bahn\u00fcbergang \u2013 mit Schrankenschlie\u00dfzeiten von \u00fcber 5 Stunden \u2013, was zu erheblichen Einschr\u00e4nkungen im Stra\u00dfenverkehr f\u00fchrt. Auch die L\u00e4rmbelastung ist nicht zu untersch\u00e4tzen: Fast 40 % der Z\u00fcge erzeugten einen Schalldruckpegel von mindestens 90 dB(A), wobei ausschlie\u00dflich G\u00fcterz\u00fcge diese Lautst\u00e4rke erreichten. Da genau diese G\u00fcterz\u00fcge in Zukunft h\u00e4ufiger verkehren sollen, wird eine weitere Zunahme der Belastung erwartet. Die Aktion hat damit wichtige, selbst erhobene Daten geliefert, die den Handlungsbedarf f\u00fcr L\u00e4rmschutz und verkehrliche Entlastung deutlich machen.<\/p>\n\n\n\n<div style=\"height:100px\" aria-hidden=\"true\" class=\"wp-block-spacer\"><\/div>\n","protected":false},"excerpt":{"rendered":"<p>Die erste Aktion stand bereits unter dem Motto \u201eWir z\u00e4hlen selbst&#8220; und ist ganz wesentlich von Axel Berndt initiiert, der sich dann &#8211; zusammen mit weiteren 35 Mitgliedern der BIOS &#8211; bei der Durchf\u00fchrung und Auswertung der Aktion in besonderer Weise engagierte. Die Veranstaltung erhielt durch die gute mediale Begleitung einen recht hohen Aufmerksamkeitsgrad. Gez\u00e4hlt [&hellip;]<\/p>\n","protected":false},"author":1,"featured_media":0,"parent":0,"menu_order":0,"comment_status":"closed","ping_status":"closed","template":"","meta":{"footnotes":""},"class_list":["post-222","page","type-page","status-publish","hentry","entry"],"_links":{"self":[{"href":"https:\/\/www.bios-otze.de\/index.php\/wp-json\/wp\/v2\/pages\/222","targetHints":{"allow":["GET"]}}],"collection":[{"href":"https:\/\/www.bios-otze.de\/index.php\/wp-json\/wp\/v2\/pages"}],"about":[{"href":"https:\/\/www.bios-otze.de\/index.php\/wp-json\/wp\/v2\/types\/page"}],"author":[{"embeddable":true,"href":"https:\/\/www.bios-otze.de\/index.php\/wp-json\/wp\/v2\/users\/1"}],"replies":[{"embeddable":true,"href":"https:\/\/www.bios-otze.de\/index.php\/wp-json\/wp\/v2\/comments?post=222"}],"version-history":[{"count":15,"href":"https:\/\/www.bios-otze.de\/index.php\/wp-json\/wp\/v2\/pages\/222\/revisions"}],"predecessor-version":[{"id":260,"href":"https:\/\/www.bios-otze.de\/index.php\/wp-json\/wp\/v2\/pages\/222\/revisions\/260"}],"wp:attachment":[{"href":"https:\/\/www.bios-otze.de\/index.php\/wp-json\/wp\/v2\/media?parent=222"}],"curies":[{"name":"wp","href":"https:\/\/api.w.org\/{rel}","templated":true}]}}