{"id":313,"date":"2025-08-07T05:13:47","date_gmt":"2025-08-07T03:13:47","guid":{"rendered":"https:\/\/www.bios-otze.de\/?page_id=313"},"modified":"2025-08-07T05:38:10","modified_gmt":"2025-08-07T03:38:10","slug":"zaehl-und-messaktion-vom-7-september-2021","status":"publish","type":"page","link":"https:\/\/www.bios-otze.de\/index.php\/zaehl-und-messaktion-vom-7-september-2021\/","title":{"rendered":"Z\u00e4hl- und Messaktion vom 7. September 2021"},"content":{"rendered":"\n<p>In 2021 fand die Z\u00e4hl- und Messaktion nochmals unter besonderen Vorzeichnen statt. Angesichts der Corona-Pandemie musste n\u00e4mlich der urspr\u00fcnglich geplante Aktionstermin vom 23.03. auf den 07.09.2021 verlegt werden; das Risiko von Ansteckungen im Fr\u00fchjahr schien uns doch zu gro\u00df. Das Z\u00e4hl- und Messkonzept hatten wir aus dem Vorjahr weitergef\u00fchrt. Allerdings konnte aus organisatorischen Gr\u00fcnden in Ehlershausen erneut nicht gez\u00e4hlt und gemessen werden.<\/p>\n\n\n\n<p>Die Organisation und Auswertung lagen wiederum in den bew\u00e4hrten H\u00e4nden von Axel Berndt. Das Engagement der Mitglieder war wie gewohnt hoch, sodass die Aktionszeiten gut besetzt werden konnten. Schon fr\u00fchzeitig gingen viele Anmeldungen zum Mitwirken ein. Ganz herzlichen Dank daf\u00fcr. Der Ablauf der Aktion war coronagerecht und ohne Probleme.<\/p>\n\n\n\n<h2 class=\"wp-block-heading\">Anzahl der Z\u00fcge durch Otze<\/h2>\n\n\n\n<p>Gemessen wurde vom 7. September um 6 Uhr bis zum 8. September um 6 Uhr.<\/p>\n\n\n\n<p>Die Zugzahlen von 2021 muss vermutlich immer noch vor dem Hintergrund der Corona Pandemie gesehen werden. Die leichte Erh\u00f6hung um 10 Z\u00fcge gegen\u00fcber 2020 k\u00f6nnte damit zusammenh\u00e4ngen, dass Corona die wirtschaftliche T\u00e4tigkeit nicht mehr ganz so beeintr\u00e4chtigt hat wie noch ein Jahr zuvor<sup data-fn=\"c2d94682-34fb-4a60-b5b0-f61c93339683\" class=\"fn\"><a href=\"#c2d94682-34fb-4a60-b5b0-f61c93339683\" id=\"c2d94682-34fb-4a60-b5b0-f61c93339683-link\">1<\/a><\/sup>.<\/p>\n\n\n\n<p>Verteilt auf den ganzen Tag zeigten sich folgende Zugfrequenzen:<\/p>\n\n\n\n<figure data-wp-context=\"{&quot;imageId&quot;:&quot;69ece206c0269&quot;}\" data-wp-interactive=\"core\/image\" class=\"wp-block-image size-large wp-lightbox-container\"><img loading=\"lazy\" decoding=\"async\" width=\"1024\" height=\"411\" data-wp-class--hide=\"state.isContentHidden\" data-wp-class--show=\"state.isContentVisible\" data-wp-init=\"callbacks.setButtonStyles\" data-wp-on-async--click=\"actions.showLightbox\" data-wp-on-async--load=\"callbacks.setButtonStyles\" data-wp-on-async-window--resize=\"callbacks.setButtonStyles\" src=\"https:\/\/www.bios-otze.de\/wp-content\/uploads\/2025\/08\/Zaehl-und-Messaktion-vom-7.-September-2021-Anzahl-Zuege-1024x411.png\" alt=\"\" class=\"wp-image-315\" srcset=\"https:\/\/www.bios-otze.de\/wp-content\/uploads\/2025\/08\/Zaehl-und-Messaktion-vom-7.-September-2021-Anzahl-Zuege-1024x411.png 1024w, https:\/\/www.bios-otze.de\/wp-content\/uploads\/2025\/08\/Zaehl-und-Messaktion-vom-7.-September-2021-Anzahl-Zuege-300x120.png 300w, https:\/\/www.bios-otze.de\/wp-content\/uploads\/2025\/08\/Zaehl-und-Messaktion-vom-7.-September-2021-Anzahl-Zuege-768x308.png 768w, https:\/\/www.bios-otze.de\/wp-content\/uploads\/2025\/08\/Zaehl-und-Messaktion-vom-7.-September-2021-Anzahl-Zuege.png 1478w\" sizes=\"auto, (max-width: 1024px) 100vw, 1024px\" \/><button\n\t\t\tclass=\"lightbox-trigger\"\n\t\t\ttype=\"button\"\n\t\t\taria-haspopup=\"dialog\"\n\t\t\taria-label=\"Vergr\u00f6\u00dfern\"\n\t\t\tdata-wp-init=\"callbacks.initTriggerButton\"\n\t\t\tdata-wp-on-async--click=\"actions.showLightbox\"\n\t\t\tdata-wp-style--right=\"state.imageButtonRight\"\n\t\t\tdata-wp-style--top=\"state.imageButtonTop\"\n\t\t>\n\t\t\t<svg xmlns=\"http:\/\/www.w3.org\/2000\/svg\" width=\"12\" height=\"12\" fill=\"none\" viewBox=\"0 0 12 12\">\n\t\t\t\t<path fill=\"#fff\" d=\"M2 0a2 2 0 0 0-2 2v2h1.5V2a.5.5 0 0 1 .5-.5h2V0H2Zm2 10.5H2a.5.5 0 0 1-.5-.5V8H0v2a2 2 0 0 0 2 2h2v-1.5ZM8 12v-1.5h2a.5.5 0 0 0 .5-.5V8H12v2a2 2 0 0 1-2 2H8Zm2-12a2 2 0 0 1 2 2v2h-1.5V2a.5.5 0 0 0-.5-.5H8V0h2Z\" \/>\n\t\t\t<\/svg>\n\t\t<\/button><\/figure>\n\n\n\n<p>Auch in den sp\u00e4ten Abend- und Nachtstunden (zwischen 22:00 und 06:00 Uhr) waren erneut vergleichsweise viele Z\u00fcge unterwegs. Besonders problematisch wird das, wenn es sich dabei um Z\u00fcge mit hohem L\u00e4rmpegel handelt \u2013 denn L\u00e4rm wirkt in der Nacht bekannterma\u00dfen besonders st\u00f6rend. (N\u00e4heres dazu weiter unten.)<\/p>\n\n\n\n<p>Bereits an dieser Stelle sei jedoch angemerkt, dass der subjektive Eindruck entstanden ist, dass trotz des Schienenl\u00e4rmschutzgesetzes vor allem nachts besonders laute G\u00fcterz\u00fcge unterwegs waren. Das erscheint insofern bemerkenswert, als die zul\u00e4ssigen n\u00e4chtlichen L\u00e4rmgrenzwerte niedriger angesetzt sind als am Tag. Eigentlich sollte dies dazu f\u00fchren, dass lautere Z\u00fcge bevorzugt tags\u00fcber verkehren \u2013 wenn sie schon fahren m\u00fcssen, dann besser am Tag. Allerdings ist zu ber\u00fccksichtigen, dass die Anzahl der Bahn\u00fcbergangsquerungen in der Nacht geringer ist. Dadurch f\u00e4llt der negative Effekt geschlossener Schranken in dieser Zeit nicht so stark ins Gewicht.<\/p>\n\n\n\n<h2 class=\"wp-block-heading\">Messung der Schrankenschlie\u00dfzeiten<\/h2>\n\n\n\n<p>Die Schranken waren an dem Tag insgesamt 5 Stunden und 36 Minuten geschlossen. Die l\u00e4ngste Schlie\u00dfzeit lag bei 4:08 Min., die k\u00fcrzeste bei 0:28 Min. Die durchschnittliche Schrankenschlie\u00dfzeit betrug 1:35 Min. \u00dcber den Tag verteilt zeigt sich folgendes Bild der Schrankenschlie\u00dfzeiten:<\/p>\n\n\n\n<figure data-wp-context=\"{&quot;imageId&quot;:&quot;69ece206c07f0&quot;}\" data-wp-interactive=\"core\/image\" class=\"wp-block-image size-large wp-lightbox-container\"><img loading=\"lazy\" decoding=\"async\" width=\"1024\" height=\"615\" data-wp-class--hide=\"state.isContentHidden\" data-wp-class--show=\"state.isContentVisible\" data-wp-init=\"callbacks.setButtonStyles\" data-wp-on-async--click=\"actions.showLightbox\" data-wp-on-async--load=\"callbacks.setButtonStyles\" data-wp-on-async-window--resize=\"callbacks.setButtonStyles\" src=\"https:\/\/www.bios-otze.de\/wp-content\/uploads\/2025\/08\/Zaehl-und-Messaktion-vom-7.-September-2021-Schrankenschliesszeit-pro-Stunde-1024x615.png\" alt=\"\" class=\"wp-image-319\" srcset=\"https:\/\/www.bios-otze.de\/wp-content\/uploads\/2025\/08\/Zaehl-und-Messaktion-vom-7.-September-2021-Schrankenschliesszeit-pro-Stunde-1024x615.png 1024w, https:\/\/www.bios-otze.de\/wp-content\/uploads\/2025\/08\/Zaehl-und-Messaktion-vom-7.-September-2021-Schrankenschliesszeit-pro-Stunde-300x180.png 300w, https:\/\/www.bios-otze.de\/wp-content\/uploads\/2025\/08\/Zaehl-und-Messaktion-vom-7.-September-2021-Schrankenschliesszeit-pro-Stunde-768x461.png 768w, https:\/\/www.bios-otze.de\/wp-content\/uploads\/2025\/08\/Zaehl-und-Messaktion-vom-7.-September-2021-Schrankenschliesszeit-pro-Stunde.png 1478w\" sizes=\"auto, (max-width: 1024px) 100vw, 1024px\" \/><button\n\t\t\tclass=\"lightbox-trigger\"\n\t\t\ttype=\"button\"\n\t\t\taria-haspopup=\"dialog\"\n\t\t\taria-label=\"Vergr\u00f6\u00dfern\"\n\t\t\tdata-wp-init=\"callbacks.initTriggerButton\"\n\t\t\tdata-wp-on-async--click=\"actions.showLightbox\"\n\t\t\tdata-wp-style--right=\"state.imageButtonRight\"\n\t\t\tdata-wp-style--top=\"state.imageButtonTop\"\n\t\t>\n\t\t\t<svg xmlns=\"http:\/\/www.w3.org\/2000\/svg\" width=\"12\" height=\"12\" fill=\"none\" viewBox=\"0 0 12 12\">\n\t\t\t\t<path fill=\"#fff\" d=\"M2 0a2 2 0 0 0-2 2v2h1.5V2a.5.5 0 0 1 .5-.5h2V0H2Zm2 10.5H2a.5.5 0 0 1-.5-.5V8H0v2a2 2 0 0 0 2 2h2v-1.5ZM8 12v-1.5h2a.5.5 0 0 0 .5-.5V8H12v2a2 2 0 0 1-2 2H8Zm2-12a2 2 0 0 1 2 2v2h-1.5V2a.5.5 0 0 0-.5-.5H8V0h2Z\" \/>\n\t\t\t<\/svg>\n\t\t<\/button><\/figure>\n\n\n\n<p>Diese Verteilung der Schrankenschlie\u00dfzeiten korrespondiert nat\u00fcrlich mit der Verteilung der Zugfrequenzen \u00fcber den ganzen Tag. Aber gerade da zeigt sich ja die Problematik: Die Zeit der hohen Zugzahlen mit den entsprechend hohen Schrankenschlie\u00dfzeiten f\u00e4llt zugleich in die Zeit mit einer recht hohen Zahl querender Berufspendler, des Berufsverkehrs sowie des Aufsuchens und Verlassens der Schule und des Kindergartens (7- 11 Uhr und dann wieder 16-20 Uhr). Das ist nicht nur ein Problem der Dorfzerschneidung, sondern auch ein Sicherheitsproblem. Das machen die folgenden Querungszahlen recht deutlich (auch unter Ber\u00fccksichtigung einiger Abweichungen vom obigen Zeitfenster).<\/p>\n\n\n\n<h2 class=\"wp-block-heading\">Schienenquerungen<\/h2>\n\n\n\n<p>Insgesamt wurden 2.424 Querungen gez\u00e4hlt. Davon entfielen auf Fu\u00dfg\u00e4nger 224 Querungen, auf motorisierte Fahrzeuge 1.832 Querungen und auf nicht-motorisierte Fahrzeuge (Fahrr\u00e4der etc.) 368 Querungen.<\/p>\n\n\n\n<p>Die Querungsh\u00e4ufigkeiten haben sich offensichtlich r\u00fcckl\u00e4ufig entwickelt, was zwar insgesamt erfreulich ist, aber dennoch vom Niveau her immer noch recht hoch ist und das obige Problem des zeitlichen Zusammenfalls von Zugzahlen, Schlie\u00dfzeiten und Querungen nicht l\u00f6st &#8211; wie folgende Abbildung zeigt:<\/p>\n\n\n\n<figure data-wp-context=\"{&quot;imageId&quot;:&quot;69ece206c0cdb&quot;}\" data-wp-interactive=\"core\/image\" class=\"wp-block-image size-large wp-lightbox-container\"><img loading=\"lazy\" decoding=\"async\" width=\"1024\" height=\"615\" data-wp-class--hide=\"state.isContentHidden\" data-wp-class--show=\"state.isContentVisible\" data-wp-init=\"callbacks.setButtonStyles\" data-wp-on-async--click=\"actions.showLightbox\" data-wp-on-async--load=\"callbacks.setButtonStyles\" data-wp-on-async-window--resize=\"callbacks.setButtonStyles\" src=\"https:\/\/www.bios-otze.de\/wp-content\/uploads\/2025\/08\/Zaehl-und-Messaktion-vom-7.-September-2021-Schienenquerungen-1024x615.png\" alt=\"\" class=\"wp-image-322\" srcset=\"https:\/\/www.bios-otze.de\/wp-content\/uploads\/2025\/08\/Zaehl-und-Messaktion-vom-7.-September-2021-Schienenquerungen-1024x615.png 1024w, https:\/\/www.bios-otze.de\/wp-content\/uploads\/2025\/08\/Zaehl-und-Messaktion-vom-7.-September-2021-Schienenquerungen-300x180.png 300w, https:\/\/www.bios-otze.de\/wp-content\/uploads\/2025\/08\/Zaehl-und-Messaktion-vom-7.-September-2021-Schienenquerungen-768x461.png 768w, https:\/\/www.bios-otze.de\/wp-content\/uploads\/2025\/08\/Zaehl-und-Messaktion-vom-7.-September-2021-Schienenquerungen.png 1478w\" sizes=\"auto, (max-width: 1024px) 100vw, 1024px\" \/><button\n\t\t\tclass=\"lightbox-trigger\"\n\t\t\ttype=\"button\"\n\t\t\taria-haspopup=\"dialog\"\n\t\t\taria-label=\"Vergr\u00f6\u00dfern\"\n\t\t\tdata-wp-init=\"callbacks.initTriggerButton\"\n\t\t\tdata-wp-on-async--click=\"actions.showLightbox\"\n\t\t\tdata-wp-style--right=\"state.imageButtonRight\"\n\t\t\tdata-wp-style--top=\"state.imageButtonTop\"\n\t\t>\n\t\t\t<svg xmlns=\"http:\/\/www.w3.org\/2000\/svg\" width=\"12\" height=\"12\" fill=\"none\" viewBox=\"0 0 12 12\">\n\t\t\t\t<path fill=\"#fff\" d=\"M2 0a2 2 0 0 0-2 2v2h1.5V2a.5.5 0 0 1 .5-.5h2V0H2Zm2 10.5H2a.5.5 0 0 1-.5-.5V8H0v2a2 2 0 0 0 2 2h2v-1.5ZM8 12v-1.5h2a.5.5 0 0 0 .5-.5V8H12v2a2 2 0 0 1-2 2H8Zm2-12a2 2 0 0 1 2 2v2h-1.5V2a.5.5 0 0 0-.5-.5H8V0h2Z\" \/>\n\t\t\t<\/svg>\n\t\t<\/button><\/figure>\n\n\n\n<p>Diese H\u00e4ufigkeitsverteilung der Schienenquerungen best\u00e4tigt, dass die H\u00e4ufung der Schienenquerungen zu einigen Zeiten mit einer H\u00e4ufung von Zugzahlen und Schlie\u00dfzeiten einhergeht. Damit bleibt das Problem der Dorfzertrennung mit dem Problem der Querungssicherheit eine erhebliche Belastung f\u00fcr die Otzer.<\/p>\n\n\n\n<h2 class=\"wp-block-heading\">Messung des Schalldruckpegels vorbeifahrender Z\u00fcge<\/h2>\n\n\n\n<p>Beim Thema L\u00e4rm haben wir auch in diesem Jahr interessante Beobachtungen gemacht. Im Durchschnitt haben wir einen Schalldruckpegel \u00fcber alle Messungen von 90,2 dB(A) gemessen. Wobei die S-Bahnen auf einen durchschnittlichen Schalldruckpegel von 83,7 dB(A) kamen und die G\u00fcterz\u00fcge auf durchschnittlich 92,6 dB(A). Zur Vereinfachung haben wir den Schalldruckpegel in Gruppen eingeteilt: kleiner 80 dB(A), 80 &#8211; 90 dB(A), 90 &#8211; 100 dB(A) und gr\u00f6\u00dfer 100 dB(A). Entsprechend der Schallmessung haben wir jeden vorbeifahrenden Zug in die entsprechende Gruppe eingeordnet.<\/p>\n\n\n\n<figure data-wp-context=\"{&quot;imageId&quot;:&quot;69ece206c116a&quot;}\" data-wp-interactive=\"core\/image\" class=\"wp-block-image size-large wp-lightbox-container\"><img loading=\"lazy\" decoding=\"async\" width=\"1024\" height=\"411\" data-wp-class--hide=\"state.isContentHidden\" data-wp-class--show=\"state.isContentVisible\" data-wp-init=\"callbacks.setButtonStyles\" data-wp-on-async--click=\"actions.showLightbox\" data-wp-on-async--load=\"callbacks.setButtonStyles\" data-wp-on-async-window--resize=\"callbacks.setButtonStyles\" src=\"https:\/\/www.bios-otze.de\/wp-content\/uploads\/2025\/08\/Zaehl-und-Messaktion-vom-7.-September-2021-Laermpegel-1024x411.png\" alt=\"\" class=\"wp-image-326\" srcset=\"https:\/\/www.bios-otze.de\/wp-content\/uploads\/2025\/08\/Zaehl-und-Messaktion-vom-7.-September-2021-Laermpegel-1024x411.png 1024w, https:\/\/www.bios-otze.de\/wp-content\/uploads\/2025\/08\/Zaehl-und-Messaktion-vom-7.-September-2021-Laermpegel-300x120.png 300w, https:\/\/www.bios-otze.de\/wp-content\/uploads\/2025\/08\/Zaehl-und-Messaktion-vom-7.-September-2021-Laermpegel-768x308.png 768w, https:\/\/www.bios-otze.de\/wp-content\/uploads\/2025\/08\/Zaehl-und-Messaktion-vom-7.-September-2021-Laermpegel.png 1478w\" sizes=\"auto, (max-width: 1024px) 100vw, 1024px\" \/><button\n\t\t\tclass=\"lightbox-trigger\"\n\t\t\ttype=\"button\"\n\t\t\taria-haspopup=\"dialog\"\n\t\t\taria-label=\"Vergr\u00f6\u00dfern\"\n\t\t\tdata-wp-init=\"callbacks.initTriggerButton\"\n\t\t\tdata-wp-on-async--click=\"actions.showLightbox\"\n\t\t\tdata-wp-style--right=\"state.imageButtonRight\"\n\t\t\tdata-wp-style--top=\"state.imageButtonTop\"\n\t\t>\n\t\t\t<svg xmlns=\"http:\/\/www.w3.org\/2000\/svg\" width=\"12\" height=\"12\" fill=\"none\" viewBox=\"0 0 12 12\">\n\t\t\t\t<path fill=\"#fff\" d=\"M2 0a2 2 0 0 0-2 2v2h1.5V2a.5.5 0 0 1 .5-.5h2V0H2Zm2 10.5H2a.5.5 0 0 1-.5-.5V8H0v2a2 2 0 0 0 2 2h2v-1.5ZM8 12v-1.5h2a.5.5 0 0 0 .5-.5V8H12v2a2 2 0 0 1-2 2H8Zm2-12a2 2 0 0 1 2 2v2h-1.5V2a.5.5 0 0 0-.5-.5H8V0h2Z\" \/>\n\t\t\t<\/svg>\n\t\t<\/button><\/figure>\n\n\n\n<p>Den H\u00f6chstwert erreichte ein G\u00fcterzug mit 106,6 dB(A). Der Minimalwert erreichte eine S-Bahn mit 72,5 dB(A). Nachdem uns diese L\u00e4rmentwicklung schon im Vorjahr ein wenig irritiert hatte, m\u00fcssen wir nun feststellen, dass an diesem Tag der durchschnittliche Spitzenwert an L\u00e4rm nochmals \u00fcber dem Wert von 2019 lag; da sind wir nicht mehr nur ein wenig irritiert. Immerhin war zum Zeitpunkt der Aktion das Schienenl\u00e4rmschutzgesetz schon ein dreiviertel Jahr in Kraft (genau seit dem 13.12.2020). Allerdings mussten wir erfahren, dass die Bahnbetreiber mit noch zu lauten Z\u00fcgen noch keine Sanktionen zu bef\u00fcrchten hatten. Das haben wir mehrfach best\u00e4tigt bekommen. Andererseits hatten wir schon den subjektiven Eindruck, dass nach und nach immer mehr leisere G\u00fcterz\u00fcge durch Otze fuhren. Aber der subjektive Eindruck zeigte auch, dass die lauten G\u00fcterz\u00fcge offensichtlich gerade zur Nachtzeit verkehrten. Und genau das best\u00e4tigt unsere Messung, wie nachfolgend gezeigt:<\/p>\n\n\n\n<figure data-wp-context=\"{&quot;imageId&quot;:&quot;69ece206c1594&quot;}\" data-wp-interactive=\"core\/image\" class=\"wp-block-image size-large wp-lightbox-container\"><img loading=\"lazy\" decoding=\"async\" width=\"1024\" height=\"615\" data-wp-class--hide=\"state.isContentHidden\" data-wp-class--show=\"state.isContentVisible\" data-wp-init=\"callbacks.setButtonStyles\" data-wp-on-async--click=\"actions.showLightbox\" data-wp-on-async--load=\"callbacks.setButtonStyles\" data-wp-on-async-window--resize=\"callbacks.setButtonStyles\" src=\"https:\/\/www.bios-otze.de\/wp-content\/uploads\/2025\/08\/Zaehl-und-Messaktion-vom-7.-September-2021-Laermpegel-nach-Tageszeit-1024x615.png\" alt=\"\" class=\"wp-image-324\" srcset=\"https:\/\/www.bios-otze.de\/wp-content\/uploads\/2025\/08\/Zaehl-und-Messaktion-vom-7.-September-2021-Laermpegel-nach-Tageszeit-1024x615.png 1024w, https:\/\/www.bios-otze.de\/wp-content\/uploads\/2025\/08\/Zaehl-und-Messaktion-vom-7.-September-2021-Laermpegel-nach-Tageszeit-300x180.png 300w, https:\/\/www.bios-otze.de\/wp-content\/uploads\/2025\/08\/Zaehl-und-Messaktion-vom-7.-September-2021-Laermpegel-nach-Tageszeit-768x461.png 768w, https:\/\/www.bios-otze.de\/wp-content\/uploads\/2025\/08\/Zaehl-und-Messaktion-vom-7.-September-2021-Laermpegel-nach-Tageszeit.png 1478w\" sizes=\"auto, (max-width: 1024px) 100vw, 1024px\" \/><button\n\t\t\tclass=\"lightbox-trigger\"\n\t\t\ttype=\"button\"\n\t\t\taria-haspopup=\"dialog\"\n\t\t\taria-label=\"Vergr\u00f6\u00dfern\"\n\t\t\tdata-wp-init=\"callbacks.initTriggerButton\"\n\t\t\tdata-wp-on-async--click=\"actions.showLightbox\"\n\t\t\tdata-wp-style--right=\"state.imageButtonRight\"\n\t\t\tdata-wp-style--top=\"state.imageButtonTop\"\n\t\t>\n\t\t\t<svg xmlns=\"http:\/\/www.w3.org\/2000\/svg\" width=\"12\" height=\"12\" fill=\"none\" viewBox=\"0 0 12 12\">\n\t\t\t\t<path fill=\"#fff\" d=\"M2 0a2 2 0 0 0-2 2v2h1.5V2a.5.5 0 0 1 .5-.5h2V0H2Zm2 10.5H2a.5.5 0 0 1-.5-.5V8H0v2a2 2 0 0 0 2 2h2v-1.5ZM8 12v-1.5h2a.5.5 0 0 0 .5-.5V8H12v2a2 2 0 0 1-2 2H8Zm2-12a2 2 0 0 1 2 2v2h-1.5V2a.5.5 0 0 0-.5-.5H8V0h2Z\" \/>\n\t\t\t<\/svg>\n\t\t<\/button><\/figure>\n\n\n\n<p>Ab 19:00 Uhr waren gerade die G\u00fcterz\u00fcge mit einem Spitzenl\u00e4rmpegel von 90 dB(A) und mehr unterwegs. Hier best\u00e4tigt sich also das oben bereits angesprochene Problem, dass vermehrt zur Abend- und Nachtzeit fahrende Z\u00fcge offensichtlich auch besonders laut sind. Da Fremdger\u00e4usche hier kaum oder weit weniger ins Gewicht fallen, vor allem da zur Abend- und Nachtzeit das Ruhebed\u00fcrfnis der Menschen naturgem\u00e4\u00df besonders gro\u00df ist, sind laute Z\u00fcge zur Nachtruhezeit besonders st\u00f6rend \u2013 weil auch Schlaf raubend. Da muss nachgebessert werden, denn damit sind \u2013 vielfach nachgewiesen \u2013 besondere Gesundheitsgefahren verbunden. Siehe Tag des L\u00e4rms am 27.04.2022.<\/p>\n\n\n\n<h2 class=\"wp-block-heading\">Fazit<\/h2>\n\n\n\n<p>Die Z\u00e4hl- und Messaktion 2021 fand erneut unter pandemiebedingten Umst\u00e4nden statt, was sowohl die Terminverlegung als auch organisatorische Einschr\u00e4nkungen \u2013 etwa in Ehlershausen \u2013 notwendig machte. Dennoch konnte die Aktion dank des gro\u00dfen Engagements der Mitwirkenden erfolgreich und reibungslos durchgef\u00fchrt werden.<\/p>\n\n\n\n<p>Die erhobenen Daten zeigen eine leichte Zunahme der Zugfrequenz gegen\u00fcber dem Vorjahr, was vermutlich auf die allm\u00e4hliche Normalisierung wirtschaftlicher Abl\u00e4ufe im Zuge der Corona-Pandemie zur\u00fcckzuf\u00fchren ist. Besonders auff\u00e4llig bleibt jedoch die hohe Zahl n\u00e4chtlicher G\u00fcterz\u00fcge mit teils erheblichem L\u00e4rmpegel \u2013 trotz des geltenden Schienenl\u00e4rmschutzgesetzes. Die gemessenen Schalldruckpegel \u00fcberschreiten in vielen F\u00e4llen deutlich die Schwelle dessen, was insbesondere nachts als zumutbar gilt. Der lauteste gemessene G\u00fcterzug erreichte einen Spitzenwert von 106,6 dB(A). Diese Werte best\u00e4tigen die zunehmende Belastung der Anwohner durch n\u00e4chtlichen Schienenl\u00e4rm, was gesundheitlich bedenklich ist und politisches wie infrastrukturelles Handeln notwendig macht.<\/p>\n\n\n\n<p>Ein weiteres zentrales Problem bleibt die hohe Zahl an Schrankenschlie\u00dfungen in verkehrsreichen Zeiten, insbesondere morgens und am sp\u00e4ten Nachmittag. Dies f\u00fchrt nicht nur zu erheblichen Beeintr\u00e4chtigungen f\u00fcr den Verkehrsfluss und das Sicherheitsgef\u00fchl der Querenden, sondern verst\u00e4rkt auch die bereits bestehende soziale und infrastrukturelle Zerschneidung des Ortes Otze. Die dokumentierten 2.424 Schienenquerungen, davon ein erheblicher Anteil im Berufs- und Schulverkehr, unterstreichen die Dringlichkeit, hier Abhilfe zu schaffen.<\/p>\n\n\n\n<p>Zusammenfassend l\u00e4sst sich sagen: Die Ergebnisse der diesj\u00e4hrigen Aktion best\u00e4tigen einmal mehr die bestehenden und teils versch\u00e4rften Problemlagen in Otze \u2013 insbesondere in Bezug auf n\u00e4chtlichen Bahnl\u00e4rm, Verkehrsbeeintr\u00e4chtigungen und Querungssicherheit. Die Z\u00e4hl- und Messaktion leistet damit einen wertvollen Beitrag zur objektiven Dokumentation der Belastungssituation \u2013 und liefert erneut fundierte Argumente f\u00fcr notwendige Ma\u00dfnahmen im Sinne des L\u00e4rm- und Verkehrsschutzes.<\/p>\n\n\n<ol class=\"wp-block-footnotes\"><li id=\"c2d94682-34fb-4a60-b5b0-f61c93339683\">Siehe Deutsche Bundesbank: Gesch\u00e4ftsbericht 2021. Frankfurt am Main 2022. <a href=\"#c2d94682-34fb-4a60-b5b0-f61c93339683-link\" aria-label=\"Zur Fu\u00dfnotenreferenz 1 navigieren\">\u21a9\ufe0e<\/a><\/li><\/ol>\n\n\n<div style=\"height:100px\" aria-hidden=\"true\" class=\"wp-block-spacer\"><\/div>\n","protected":false},"excerpt":{"rendered":"<p>In 2021 fand die Z\u00e4hl- und Messaktion nochmals unter besonderen Vorzeichnen statt. Angesichts der Corona-Pandemie musste n\u00e4mlich der urspr\u00fcnglich geplante Aktionstermin vom 23.03. auf den 07.09.2021 verlegt werden; das Risiko von Ansteckungen im Fr\u00fchjahr schien uns doch zu gro\u00df. Das Z\u00e4hl- und Messkonzept hatten wir aus dem Vorjahr weitergef\u00fchrt. Allerdings konnte aus organisatorischen Gr\u00fcnden in [&hellip;]<\/p>\n","protected":false},"author":1,"featured_media":0,"parent":0,"menu_order":0,"comment_status":"closed","ping_status":"closed","template":"","meta":{"footnotes":"[{\"content\":\"Siehe Deutsche Bundesbank: Gesch\u00e4ftsbericht 2021. Frankfurt am Main 2022.\",\"id\":\"c2d94682-34fb-4a60-b5b0-f61c93339683\"}]"},"class_list":["post-313","page","type-page","status-publish","hentry","entry"],"_links":{"self":[{"href":"https:\/\/www.bios-otze.de\/index.php\/wp-json\/wp\/v2\/pages\/313","targetHints":{"allow":["GET"]}}],"collection":[{"href":"https:\/\/www.bios-otze.de\/index.php\/wp-json\/wp\/v2\/pages"}],"about":[{"href":"https:\/\/www.bios-otze.de\/index.php\/wp-json\/wp\/v2\/types\/page"}],"author":[{"embeddable":true,"href":"https:\/\/www.bios-otze.de\/index.php\/wp-json\/wp\/v2\/users\/1"}],"replies":[{"embeddable":true,"href":"https:\/\/www.bios-otze.de\/index.php\/wp-json\/wp\/v2\/comments?post=313"}],"version-history":[{"count":11,"href":"https:\/\/www.bios-otze.de\/index.php\/wp-json\/wp\/v2\/pages\/313\/revisions"}],"predecessor-version":[{"id":333,"href":"https:\/\/www.bios-otze.de\/index.php\/wp-json\/wp\/v2\/pages\/313\/revisions\/333"}],"wp:attachment":[{"href":"https:\/\/www.bios-otze.de\/index.php\/wp-json\/wp\/v2\/media?parent=313"}],"curies":[{"name":"wp","href":"https:\/\/api.w.org\/{rel}","templated":true}]}}